{"id":130,"date":"2020-11-18T02:03:10","date_gmt":"2020-11-18T02:03:10","guid":{"rendered":"http:\/\/www.ijuba.solutions\/epayments\/?page_id=130"},"modified":"2020-11-20T23:26:56","modified_gmt":"2020-11-20T23:26:56","slug":"servicios-consulting","status":"publish","type":"page","link":"http:\/\/www.ijuba.solutions\/epayments\/servicios-consulting\/","title":{"rendered":"Servicios Consulting"},"content":{"rendered":"<div id=\"cs-content\" class=\"cs-content\" >\n<div class=\"e130-1 x-section\" >\n    \n<div class=\"x-bg\" aria-hidden=\"true\" >\n  <div class=\"x-bg-layer-lower-image\" style=\" background-image: url(http:\/\/www.ijuba.solutions\/epayments\/wp-content\/uploads\/2020\/11\/consulting-header.jpg); background-repeat: no-repeat; background-position: bottom; background-size: cover;\" ><\/div>  <\/div>\n  \n<div class=\"e130-2 x-row x-container max width\" >\n  <div class=\"x-row-inner\">\n    \n<div class=\"e130-3 x-col\" >\n    \n<div class=\"e130-4 x-text\" >\n  <h3><strong><span style=\"color: #ffffff;\">Consulting<\/span><\/strong><\/h3><\/div>\n\n<div class=\"e130-5 x-text\" >\n  <p>Soluciones pr&aacute;cticas y a tiempo<\/p><\/div>\n\n<a class=\"e130-6 x-anchor x-anchor-button\" tabindex=\"0\" href=\"http:\/\/www.ijuba.solutions\/epayments\/contacto\/#contacto\" >\n\n  \n  <div class=\"x-anchor-content\">\n        <div class=\"x-anchor-text\"><span class=\"x-anchor-text-primary\" data-x-single-anim=\"x-slide-top\" >QUIERO CRECER MI EMPRESA<\/span><\/div>      <\/div>\n\n    \n  \n<\/a>\n<\/div>\n  <\/div>\n  <\/div>\n  <\/div>\n\n<div class=\"e130-7 x-section\" >\n      \n<div class=\"e130-8 x-row x-container max width\" >\n  <div class=\"x-row-inner\">\n    \n<div class=\"e130-9 x-col\" >\n    \n<hr class=\"e130-10 x-line\" >\n\n<div class=\"e130-11 x-text\" >\n  <p>Permite que Ijuba contribuya a la obtenci\u00f3n de los objetivos de tu empresa, as\u00ed como la pronta atenci\u00f3n de \u00e1reas de oportunidad o\u00a0 implementaci\u00f3n de metodolog\u00edas y mejores pr\u00e1cticas del sector.<\/p>\n<p><br \/>\nEsto es posible gracias al conocimiento y experiencia que Ijuba puede ofrecerte, al colaborar en la identificaci\u00f3n de problemas y la gesti\u00f3n de sus soluciones con \u00e9xito comprobado en campos espec\u00edficos en el \u00e1mbito de los medios de pago.<\/p><\/div>\n<\/div>\n\n<div class=\"e130-12 x-col\" >\n    \n<span class=\"e130-13 x-image\" >\n  <img alt=\"Image\" src=\"http:\/\/www.ijuba.solutions\/epayments\/wp-content\/uploads\/2020\/11\/consulting-contenido.png\" width=\"646\" height=\"480\" >\n<\/span>\n<\/div>\n\n<div class=\"e130-14 x-col  x-hide-sm x-hide-xs\" >\n    \n<hr class=\"e130-15 x-line\" >\n<ul class=\"x-ul-icons\" style=\"color:black;\"  ><li class=\"x-li-icon\"  ><i class=\"x-icon-check\" aria-hidden=\"true\" style=\"color: #0A1B5B;\" data-x-icon-s=\"&#xf00c;\"  ><\/i>Medios de pago<\/li><li class=\"x-li-icon\"  ><i class=\"x-icon-check\" aria-hidden=\"true\" style=\"color: #0A1B5B;\" data-x-icon-s=\"&#xf00c;\"  ><\/i>ISO 8583<\/li><li class=\"x-li-icon\"  ><i class=\"x-icon-check\" aria-hidden=\"true\" style=\"color: #0A1B5B;\" data-x-icon-s=\"&#xf00c;\"  ><\/i>Base 24<\/li><li class=\"x-li-icon\"  ><i class=\"x-icon-check\" aria-hidden=\"true\" style=\"color: #0A1B5B;\" data-x-icon-s=\"&#xf00c;\"  ><\/i>Seguridad de la informaci\u00f3n<\/li><li class=\"x-li-icon\"  ><i class=\"x-icon-check\" aria-hidden=\"true\" style=\"color: #0A1B5B;\" data-x-icon-s=\"&#xf00c;\"  ><\/i>Coaching Test<\/li><\/ul><\/div>\n  <\/div>\n  <\/div>\n\n<div class=\"e130-22 x-row  x-hide-lg x-hide-md x-hide-xl x-container max width\" >\n  <div class=\"x-row-inner\">\n    \n<div class=\"e130-23 x-col\" >\n    \n<hr class=\"e130-24 x-line\" >\n<ul class=\"x-ul-icons\" style=\"color:black;\"  ><li class=\"x-li-icon\"  ><i class=\"x-icon-check\" aria-hidden=\"true\" style=\"color: #0A1B5B;\" data-x-icon-s=\"&#xf00c;\"  ><\/i>Medios de pago<\/li><li class=\"x-li-icon\"  ><i class=\"x-icon-check\" aria-hidden=\"true\" style=\"color: #0A1B5B;\" data-x-icon-s=\"&#xf00c;\"  ><\/i>ISO 8583<\/li><li class=\"x-li-icon\"  ><i class=\"x-icon-check\" aria-hidden=\"true\" style=\"color: #0A1B5B;\" data-x-icon-s=\"&#xf00c;\"  ><\/i>Base 24<\/li><li class=\"x-li-icon\"  ><i class=\"x-icon-check\" aria-hidden=\"true\" style=\"color: #0A1B5B;\" data-x-icon-s=\"&#xf00c;\"  ><\/i>Seguridad de la informaci\u00f3n<\/li><li class=\"x-li-icon\"  ><i class=\"x-icon-check\" aria-hidden=\"true\" style=\"color: #0A1B5B;\" data-x-icon-s=\"&#xf00c;\"  ><\/i>Coaching Test<\/li><\/ul>\n<hr class=\"e130-31 x-line\" >\n<\/div>\n  <\/div>\n  <\/div>\n\n<div class=\"e130-32 x-row x-container max width\" >\n  <div class=\"x-row-inner\">\n    \n<div class=\"e130-33 x-col\" >\n    <div class=\"x-text cs-ta-center\"  ><h4>Optimiza tus procesos<\/h4>\n<\/div>\n<a class=\"e130-35 x-anchor x-anchor-button\" tabindex=\"0\" href=\"http:\/\/www.ijuba.solutions\/epayments\/contacto\/#contacto\" >\n\n  \n  <div class=\"x-anchor-content\">\n        <div class=\"x-anchor-text\"><span class=\"x-anchor-text-primary\" data-x-single-anim=\"x-slide-top\" >CONT\u00c1CTANOS<\/span><\/div>      <\/div>\n\n    \n  \n<\/a>\n\n<hr class=\"e130-36 x-line\" >\n<\/div>\n  <\/div>\n  <\/div>\n  <\/div>\n<\/div>\n","protected":false},"excerpt":{"rendered":"<p>Consulting Soluciones pr&aacute;cticas y a tiempo QUIERO CRECER MI EMPRESA Permite que Ijuba contribuya a la obtenci\u00f3n de los objetivos de tu empresa, as\u00ed como la pronta atenci\u00f3n de \u00e1reas de oportunidad o\u00a0 implementaci\u00f3n de metodolog\u00edas y mejores pr\u00e1cticas del sector. Esto es posible gracias al conocimiento y experiencia que Ijuba puede ofrecerte, al colaborar en la identificaci\u00f3n de problemas &#8230; <\/p>\n<div><a href=\"http:\/\/www.ijuba.solutions\/epayments\/servicios-consulting\/\" class=\"more-link\">Read More<\/a><\/div>\n","protected":false},"author":1,"featured_media":0,"parent":0,"menu_order":0,"comment_status":"closed","ping_status":"closed","template":"template-blank-4.php","meta":[],"yoast_head":"<!-- This site is optimized with the Yoast SEO Premium plugin v15.1.1 - https:\/\/yoast.com\/wordpress\/plugins\/seo\/ -->\n<title>Servicios Consulting - Ijuba<\/title>\n<meta name=\"robots\" content=\"index, follow, max-snippet:-1, max-image-preview:large, max-video-preview:-1\" \/>\n<link rel=\"canonical\" href=\"http:\/\/www.ijuba.solutions\/epayments\/servicios-consulting\/\" \/>\n<meta property=\"og:locale\" content=\"en_US\" \/>\n<meta property=\"og:type\" content=\"article\" \/>\n<meta property=\"og:title\" content=\"Servicios Consulting - Ijuba\" \/>\n<meta property=\"og:description\" content=\"Consulting Soluciones pr&aacute;cticas y a tiempo QUIERO CRECER MI EMPRESA Permite que Ijuba contribuya a la obtenci\u00f3n de los objetivos de tu empresa, as\u00ed como la pronta atenci\u00f3n de \u00e1reas de oportunidad o\u00a0 implementaci\u00f3n de metodolog\u00edas y mejores pr\u00e1cticas del sector. Esto es posible gracias al conocimiento y experiencia que Ijuba puede ofrecerte, al colaborar en la identificaci\u00f3n de problemas ... Read More\" \/>\n<meta property=\"og:url\" content=\"http:\/\/www.ijuba.solutions\/epayments\/servicios-consulting\/\" \/>\n<meta property=\"og:site_name\" content=\"Ijuba\" \/>\n<meta property=\"article:publisher\" content=\"https:\/\/www.facebook.com\/ijubasolutions\" \/>\n<meta property=\"article:modified_time\" content=\"2020-11-20T23:26:56+00:00\" \/>\n<meta property=\"og:image\" content=\"http:\/\/www.ijuba.solutions\/epayments\/wp-content\/uploads\/2020\/11\/consulting-contenido.png\" \/>\n<meta name=\"twitter:card\" content=\"summary_large_image\" \/>\n<meta name=\"twitter:creator\" content=\"@ijubasolutions\" \/>\n<meta name=\"twitter:site\" content=\"@ijubasolutions\" \/>\n<script type=\"application\/ld+json\" class=\"yoast-schema-graph\">{\"@context\":\"https:\/\/schema.org\",\"@graph\":[{\"@type\":\"Organization\",\"@id\":\"http:\/\/www.ijuba.solutions\/epayments\/#organization\",\"name\":\"Ijuba Solutions\",\"url\":\"http:\/\/www.ijuba.solutions\/epayments\/\",\"sameAs\":[\"https:\/\/www.facebook.com\/ijubasolutions\",\"https:\/\/www.linkedin.com\/company\/ijuba\/\",\"https:\/\/twitter.com\/ijubasolutions\"],\"logo\":{\"@type\":\"ImageObject\",\"@id\":\"http:\/\/www.ijuba.solutions\/epayments\/#logo\",\"inLanguage\":\"en\",\"url\":\"http:\/\/www.ijuba.solutions\/epayments\/wp-content\/uploads\/2020\/11\/Ijuba.png\",\"width\":500,\"height\":175,\"caption\":\"Ijuba Solutions\"},\"image\":{\"@id\":\"http:\/\/www.ijuba.solutions\/epayments\/#logo\"}},{\"@type\":\"WebSite\",\"@id\":\"http:\/\/www.ijuba.solutions\/epayments\/#website\",\"url\":\"http:\/\/www.ijuba.solutions\/epayments\/\",\"name\":\"Ijuba Solutions\",\"description\":\"Solutions\",\"publisher\":{\"@id\":\"http:\/\/www.ijuba.solutions\/epayments\/#organization\"},\"potentialAction\":[{\"@type\":\"SearchAction\",\"target\":\"http:\/\/www.ijuba.solutions\/epayments\/?s={search_term_string}\",\"query-input\":\"required name=search_term_string\"}],\"inLanguage\":\"en\"},{\"@type\":\"ImageObject\",\"@id\":\"http:\/\/www.ijuba.solutions\/epayments\/servicios-consulting\/#primaryimage\",\"inLanguage\":\"en\",\"url\":\"http:\/\/www.ijuba.solutions\/epayments\/wp-content\/uploads\/2020\/11\/consulting-contenido.png\",\"width\":646,\"height\":480},{\"@type\":\"WebPage\",\"@id\":\"http:\/\/www.ijuba.solutions\/epayments\/servicios-consulting\/#webpage\",\"url\":\"http:\/\/www.ijuba.solutions\/epayments\/servicios-consulting\/\",\"name\":\"Servicios Consulting - Ijuba\",\"isPartOf\":{\"@id\":\"http:\/\/www.ijuba.solutions\/epayments\/#website\"},\"primaryImageOfPage\":{\"@id\":\"http:\/\/www.ijuba.solutions\/epayments\/servicios-consulting\/#primaryimage\"},\"datePublished\":\"2020-11-18T02:03:10+00:00\",\"dateModified\":\"2020-11-20T23:26:56+00:00\",\"inLanguage\":\"en\",\"potentialAction\":[{\"@type\":\"ReadAction\",\"target\":[\"http:\/\/www.ijuba.solutions\/epayments\/servicios-consulting\/\"]}]}]}<\/script>\n<!-- \/ Yoast SEO Premium plugin. -->","_links":{"self":[{"href":"http:\/\/www.ijuba.solutions\/epayments\/wp-json\/wp\/v2\/pages\/130"}],"collection":[{"href":"http:\/\/www.ijuba.solutions\/epayments\/wp-json\/wp\/v2\/pages"}],"about":[{"href":"http:\/\/www.ijuba.solutions\/epayments\/wp-json\/wp\/v2\/types\/page"}],"author":[{"embeddable":true,"href":"http:\/\/www.ijuba.solutions\/epayments\/wp-json\/wp\/v2\/users\/1"}],"replies":[{"embeddable":true,"href":"http:\/\/www.ijuba.solutions\/epayments\/wp-json\/wp\/v2\/comments?post=130"}],"version-history":[{"count":3,"href":"http:\/\/www.ijuba.solutions\/epayments\/wp-json\/wp\/v2\/pages\/130\/revisions"}],"predecessor-version":[{"id":153,"href":"http:\/\/www.ijuba.solutions\/epayments\/wp-json\/wp\/v2\/pages\/130\/revisions\/153"}],"wp:attachment":[{"href":"http:\/\/www.ijuba.solutions\/epayments\/wp-json\/wp\/v2\/media?parent=130"}],"curies":[{"name":"wp","href":"https:\/\/api.w.org\/{rel}","templated":true}]}}