{"id":154,"date":"2020-11-18T03:00:20","date_gmt":"2020-11-18T03:00:20","guid":{"rendered":"http:\/\/www.ijuba.solutions\/epayments\/?page_id=154"},"modified":"2020-11-20T22:48:16","modified_gmt":"2020-11-20T22:48:16","slug":"servicios-seguridad","status":"publish","type":"page","link":"http:\/\/www.ijuba.solutions\/epayments\/servicios-seguridad\/","title":{"rendered":"Servicios Seguridad"},"content":{"rendered":"<div id=\"cs-content\" class=\"cs-content\" >\n<div class=\"e154-1 x-section\" >\n    \n<div class=\"x-bg\" aria-hidden=\"true\" >\n  <div class=\"x-bg-layer-lower-image\" style=\" background-image: url(http:\/\/www.ijuba.solutions\/epayments\/wp-content\/uploads\/2020\/11\/seguridad-header.jpg); background-repeat: no-repeat; background-position: bottom; background-size: cover;\" ><\/div>  <\/div>\n  \n<div class=\"e154-2 x-row x-container max width\" >\n  <div class=\"x-row-inner\">\n    \n<div class=\"e154-3 x-col\" >\n    \n<div class=\"e154-4 x-text  x-hide-lg x-hide-md x-hide-sm x-hide-xl\" >\n  <table width=\"1%\" border=\"0\">\n<tbody>\n<tr>\n<td valign=\"bottom\">\n<h3><span style=\"color: #ffffff;\"><strong>Seguridad de la informaci\u00f3n<\/strong><\/span><\/h3>\n<\/td>\n<td><img src=\"http:\/\/www.ijuba.solutions\/epayments\/wp-content\/uploads\/2020\/11\/candado-seguridad.png\" alt=\"\" width=\"131\" height=\"161\" class=\"size-full wp-image-156 alignleft\" \/>\n<h3><\/h3>\n<\/td>\n<\/tr>\n<\/tbody>\n<\/table><\/div>\n\n<div class=\"e154-5 x-text  x-hide-xs\" >\n  <table width=\"1%\" border=\"0\">\n<tbody>\n<tr>\n<td valign=\"bottom\">\n<h3><span style=\"color: #ffffff;\"><strong>Seguridad de la informaci\u00f3n<\/strong><\/span><\/h3>\n<\/td>\n<td><img src=\"http:\/\/www.ijuba.solutions\/epayments\/wp-content\/uploads\/2020\/11\/candado-seguridad.png\" alt=\"\" width=\"131\" height=\"161\" class=\"size-full wp-image-156 alignleft\" \/>\n<h3><\/h3>\n<\/td>\n<\/tr>\n<\/tbody>\n<\/table><\/div>\n\n<div class=\"e154-6 x-text\" >\n  Protege lo m\u00e1s importante de tu empresa<\/div>\n\n<a class=\"e154-7 x-anchor x-anchor-button\" tabindex=\"0\" href=\"http:\/\/www.ijuba.solutions\/epayments\/contacto\/#contacto\" >\n\n  \n  <div class=\"x-anchor-content\">\n        <div class=\"x-anchor-text\"><span class=\"x-anchor-text-primary\" data-x-single-anim=\"x-slide-top\" >QUIERO ASEGURAR MI EMPRESA<\/span><\/div>      <\/div>\n\n    \n  \n<\/a>\n<\/div>\n  <\/div>\n  <\/div>\n  <\/div>\n\n<div class=\"e154-8 x-section\" >\n      \n<div class=\"e154-9 x-row x-container max width\" >\n  <div class=\"x-row-inner\">\n    \n<div class=\"e154-10 x-col\" >\n    \n<div class=\"e154-11 x-text\" >\n  Ofrecemos a nuestros clientes un equipo de expertos altamente capacitados en el \u00e1mbito de seguridad de la informaci\u00f3n, que a trav\u00e9s de los recursos y soluciones m\u00e1s novedosas, permitir\u00e1n a tu empresa enfrentarse a las nuevas y complejas amenazas, as\u00ed como asegurar el cumplimiento de las mejores pr\u00e1cticas, normas y est\u00e1ndares de seguridad de la industria de medios de pago.<\/div>\n<\/div>\n\n<div class=\"e154-12 x-col\" >\n    \n<span class=\"e154-13 x-image\" >\n  <img alt=\"Image\" src=\"http:\/\/www.ijuba.solutions\/epayments\/wp-content\/uploads\/2020\/11\/seguridad-contenido.png\" width=\"620\" height=\"419\" >\n<\/span>\n<\/div>\n\n<div class=\"e154-14 x-col\" >\n    <ul class=\"x-ul-icons\" style=\"color:black;\"  ><li class=\"x-li-icon\"  ><i class=\"x-icon-check\" aria-hidden=\"true\" style=\"color: #0A1B5B;\" data-x-icon-s=\"&#xf00c;\"  ><\/i>ISO27001<\/li><li class=\"x-li-icon\"  ><i class=\"x-icon-check\" aria-hidden=\"true\" style=\"color: #0A1B5B;\" data-x-icon-s=\"&#xf00c;\"  ><\/i>PCI DSS<\/li><li class=\"x-li-icon\"  ><i class=\"x-icon-check\" aria-hidden=\"true\" style=\"color: #0A1B5B;\" data-x-icon-s=\"&#xf00c;\"  ><\/i>Ley Federal de Protecci\u00f3n de Datos Personales en Posesi\u00f3n de Particulares<\/li><li class=\"x-li-icon\"  ><i class=\"x-icon-check\" aria-hidden=\"true\" style=\"color: #0A1B5B;\" data-x-icon-s=\"&#xf00c;\"  ><\/i>ISO 31000<\/li><\/ul><\/div>\n  <\/div>\n  <\/div>\n\n<div class=\"e154-20 x-row x-container max width\" >\n  <div class=\"x-row-inner\">\n    \n<div class=\"e154-21 x-col\" >\n    \n<hr class=\"e154-22 x-line\" >\n<div class=\"x-text cs-ta-center\"  ><h4><strong>\u00c1REAS DE CONOCIMIENTO<\/strong><\/h4>\n<\/div><\/div>\n  <\/div>\n  <\/div>\n\n<div class=\"e154-24 x-row x-container max width\" >\n  <div class=\"x-row-inner\">\n    \n<div class=\"e154-25 x-col\" >\n    \n<div class=\"e154-26 x-bar-content-area\" >\n  <table width=\"231\" border=\"1\" height=\"140\">\n<tbody>\n<tr>\n<td>\n<p style=\"text-align: center;\"><span style=\"font-family: inherit; font-size: inherit;\"><img src=\"http:\/\/www.ijuba.solutions\/epayments\/wp-content\/uploads\/2020\/11\/iconos-ijuba-09.png\" alt=\"\" width=\"70\" height=\"70\" class=\"size-full wp-image-160 aligncenter\" \/>Pruebas de penetraci\u00f3n<\/span><\/p>\n<\/td>\n<\/tr>\n<\/tbody>\n<\/table><\/div>\n<\/div>\n\n<div class=\"e154-27 x-col\" >\n    \n<div class=\"e154-28 x-bar-content-area\" >\n  <table width=\"231\" border=\"1\" height=\"140\">\n<tbody>\n<tr>\n<td>\n<p style=\"text-align: center;\"><span style=\"font-family: inherit; font-size: inherit;\"><img src=\"http:\/\/www.ijuba.solutions\/epayments\/wp-content\/uploads\/2020\/11\/iconos-ijuba-10.png\" alt=\"\" width=\"70\" height=\"70\" class=\"size-full wp-image-161 aligncenter\" \/>An\u00e1lisis de vulnerabilidad<\/span><\/p>\n<\/td>\n<\/tr>\n<\/tbody>\n<\/table><\/div>\n<\/div>\n\n<div class=\"e154-29 x-col\" >\n    \n<div class=\"e154-30 x-bar-content-area\" >\n  <table width=\"231\" border=\"1\" height=\"140\">\n<tbody>\n<tr>\n<td>\n<p style=\"text-align: center;\"><img src=\"http:\/\/www.ijuba.solutions\/epayments\/wp-content\/uploads\/2020\/11\/iconos-ijuba-11.png\" alt=\"\" width=\"70\" height=\"70\" class=\"size-full wp-image-162 aligncenter\" \/>Auditor\u00eda<\/p>\n<\/td>\n<\/tr>\n<\/tbody>\n<\/table><\/div>\n<\/div>\n\n<div class=\"e154-31 x-col\" >\n    \n<div class=\"e154-32 x-bar-content-area\" >\n  <table width=\"231\" border=\"1\" height=\"140\">\n<tbody>\n<tr>\n<td>\n<p style=\"text-align: center;\"><img src=\"http:\/\/www.ijuba.solutions\/epayments\/wp-content\/uploads\/2020\/11\/iconos-ijuba-12.png\" alt=\"\" width=\"70\" height=\"70\" class=\"size-full wp-image-163 aligncenter\" \/>Hardening<\/p>\n<\/td>\n<\/tr>\n<\/tbody>\n<\/table><\/div>\n<\/div>\n\n<div class=\"e154-33 x-col\" >\n    \n<div class=\"e154-34 x-bar-content-area\" >\n  <table width=\"231\" border=\"1\" height=\"140\">\n<tbody>\n<tr>\n<td>\n<p style=\"text-align: center;\"><img src=\"http:\/\/www.ijuba.solutions\/epayments\/wp-content\/uploads\/2020\/11\/iconos-ijuba-13.png\" alt=\"\" width=\"70\" height=\"70\" class=\"size-full wp-image-164 aligncenter\" \/>An\u00e1lisis Forense<\/p>\n<\/td>\n<\/tr>\n<\/tbody>\n<\/table><\/div>\n<\/div>\n  <\/div>\n  <\/div>\n\n<div class=\"e154-35 x-row x-container max width\" >\n  <div class=\"x-row-inner\">\n    \n<div class=\"e154-36 x-col\" >\n    \n<span class=\"e154-37 x-image\" >\n  <img alt=\"Image\" src=\"http:\/\/www.ijuba.solutions\/epayments\/wp-content\/uploads\/2020\/11\/iso.png\" width=\"422\" height=\"98\" >\n<\/span>\n<\/div>\n  <\/div>\n  <\/div>\n\n<div class=\"e154-38 x-row  x-hide-lg x-hide-md x-hide-sm x-hide-xl x-hide-xs x-container max width\" >\n  <div class=\"x-row-inner\">\n    \n<div class=\"e154-39 x-col\" >\n    \n<div class=\"e154-40 x-bar-content-area\" >\n  <table width=\"231\" border=\"1\" height=\"231\">\n<tbody>\n<tr>\n<td>\n<h5 style=\"text-align: center;\"><span style=\"font-family: inherit; font-size: inherit;\"><img src=\"http:\/\/www.ijuba.solutions\/epayments\/wp-content\/uploads\/2020\/11\/iconos-ijuba-09.png\" alt=\"\" width=\"70\" height=\"70\" class=\"size-full wp-image-160 aligncenter\" \/><\/span><\/h5>\n<\/td>\n<\/tr>\n<\/tbody>\n<\/table><\/div>\n<\/div>\n\n<div class=\"e154-41 x-col\" >\n    \n<div class=\"e154-42 x-bar-content-area\" >\n  <table width=\"231\" border=\"1\" height=\"231\">\n<tbody>\n<tr>\n<td>\n<h5 style=\"text-align: center;\"><span style=\"font-family: inherit; font-size: inherit;\">Pruebas de penetraci\u00f3n<\/span><\/h5>\n<\/td>\n<\/tr>\n<\/tbody>\n<\/table><\/div>\n<\/div>\n\n<div class=\"e154-43 x-col\" >\n    &nbsp;<\/div>\n\n<div class=\"e154-44 x-col\" >\n    &nbsp;<\/div>\n\n<div class=\"e154-45 x-col\" >\n    &nbsp;<\/div>\n\n<div class=\"e154-46 x-col\" >\n    &nbsp;<\/div>\n\n<div class=\"e154-47 x-col\" >\n    &nbsp;<\/div>\n\n<div class=\"e154-48 x-col\" >\n    &nbsp;<\/div>\n  <\/div>\n  <\/div>\n\n<div class=\"e154-49 x-row x-container max width\" >\n  <div class=\"x-row-inner\">\n    \n<div class=\"e154-50 x-col\" >\n    <div class=\"x-text cs-ta-center\"  ><h4>Protege la informaci\u00f3n de tu empresa<\/h4>\n<\/div>\n<a class=\"e154-52 x-anchor x-anchor-button\" tabindex=\"0\" href=\"http:\/\/www.ijuba.solutions\/epayments\/contacto\/#contacto\" >\n\n  \n  <div class=\"x-anchor-content\">\n        <div class=\"x-anchor-text\"><span class=\"x-anchor-text-primary\" data-x-single-anim=\"x-slide-top\" >CONT\u00c1CTANOS<\/span><\/div>      <\/div>\n\n    \n  \n<\/a>\n\n<hr class=\"e154-53 x-line\" >\n<\/div>\n  <\/div>\n  <\/div>\n  <\/div>\n<\/div>\n","protected":false},"excerpt":{"rendered":"<p>Seguridad de la informaci\u00f3n Seguridad de la informaci\u00f3n Protege lo m\u00e1s importante de tu empresa QUIERO ASEGURAR MI EMPRESA Ofrecemos a nuestros clientes un equipo de expertos altamente capacitados en el \u00e1mbito de seguridad de la informaci\u00f3n, que a trav\u00e9s de los recursos y soluciones m\u00e1s novedosas, permitir\u00e1n a tu empresa enfrentarse a las nuevas y complejas amenazas, as\u00ed como &#8230; <\/p>\n<div><a href=\"http:\/\/www.ijuba.solutions\/epayments\/servicios-seguridad\/\" class=\"more-link\">Read More<\/a><\/div>\n","protected":false},"author":1,"featured_media":0,"parent":0,"menu_order":0,"comment_status":"closed","ping_status":"closed","template":"template-blank-4.php","meta":[],"yoast_head":"<!-- This site is optimized with the Yoast SEO Premium plugin v15.1.1 - https:\/\/yoast.com\/wordpress\/plugins\/seo\/ -->\n<title>Servicios Seguridad - Ijuba<\/title>\n<meta name=\"robots\" content=\"index, follow, max-snippet:-1, max-image-preview:large, max-video-preview:-1\" \/>\n<link rel=\"canonical\" href=\"http:\/\/www.ijuba.solutions\/epayments\/servicios-seguridad\/\" \/>\n<meta property=\"og:locale\" content=\"en_US\" \/>\n<meta property=\"og:type\" content=\"article\" \/>\n<meta property=\"og:title\" content=\"Servicios Seguridad - Ijuba\" \/>\n<meta property=\"og:description\" content=\"Seguridad de la informaci\u00f3n Seguridad de la informaci\u00f3n Protege lo m\u00e1s importante de tu empresa QUIERO ASEGURAR MI EMPRESA Ofrecemos a nuestros clientes un equipo de expertos altamente capacitados en el \u00e1mbito de seguridad de la informaci\u00f3n, que a trav\u00e9s de los recursos y soluciones m\u00e1s novedosas, permitir\u00e1n a tu empresa enfrentarse a las nuevas y complejas amenazas, as\u00ed como ... Read More\" \/>\n<meta property=\"og:url\" content=\"http:\/\/www.ijuba.solutions\/epayments\/servicios-seguridad\/\" \/>\n<meta property=\"og:site_name\" content=\"Ijuba\" \/>\n<meta property=\"article:publisher\" content=\"https:\/\/www.facebook.com\/ijubasolutions\" \/>\n<meta property=\"article:modified_time\" content=\"2020-11-20T22:48:16+00:00\" \/>\n<meta property=\"og:image\" content=\"http:\/\/www.ijuba.solutions\/epayments\/wp-content\/uploads\/2020\/11\/candado-seguridad.png\" \/>\n<meta name=\"twitter:card\" content=\"summary_large_image\" \/>\n<meta name=\"twitter:creator\" content=\"@ijubasolutions\" \/>\n<meta name=\"twitter:site\" content=\"@ijubasolutions\" \/>\n<script type=\"application\/ld+json\" class=\"yoast-schema-graph\">{\"@context\":\"https:\/\/schema.org\",\"@graph\":[{\"@type\":\"Organization\",\"@id\":\"http:\/\/www.ijuba.solutions\/epayments\/#organization\",\"name\":\"Ijuba Solutions\",\"url\":\"http:\/\/www.ijuba.solutions\/epayments\/\",\"sameAs\":[\"https:\/\/www.facebook.com\/ijubasolutions\",\"https:\/\/www.linkedin.com\/company\/ijuba\/\",\"https:\/\/twitter.com\/ijubasolutions\"],\"logo\":{\"@type\":\"ImageObject\",\"@id\":\"http:\/\/www.ijuba.solutions\/epayments\/#logo\",\"inLanguage\":\"en\",\"url\":\"http:\/\/www.ijuba.solutions\/epayments\/wp-content\/uploads\/2020\/11\/Ijuba.png\",\"width\":500,\"height\":175,\"caption\":\"Ijuba Solutions\"},\"image\":{\"@id\":\"http:\/\/www.ijuba.solutions\/epayments\/#logo\"}},{\"@type\":\"WebSite\",\"@id\":\"http:\/\/www.ijuba.solutions\/epayments\/#website\",\"url\":\"http:\/\/www.ijuba.solutions\/epayments\/\",\"name\":\"Ijuba Solutions\",\"description\":\"Solutions\",\"publisher\":{\"@id\":\"http:\/\/www.ijuba.solutions\/epayments\/#organization\"},\"potentialAction\":[{\"@type\":\"SearchAction\",\"target\":\"http:\/\/www.ijuba.solutions\/epayments\/?s={search_term_string}\",\"query-input\":\"required name=search_term_string\"}],\"inLanguage\":\"en\"},{\"@type\":\"ImageObject\",\"@id\":\"http:\/\/www.ijuba.solutions\/epayments\/servicios-seguridad\/#primaryimage\",\"inLanguage\":\"en\",\"url\":\"http:\/\/www.ijuba.solutions\/epayments\/wp-content\/uploads\/2020\/11\/candado-seguridad.png\",\"width\":131,\"height\":161},{\"@type\":\"WebPage\",\"@id\":\"http:\/\/www.ijuba.solutions\/epayments\/servicios-seguridad\/#webpage\",\"url\":\"http:\/\/www.ijuba.solutions\/epayments\/servicios-seguridad\/\",\"name\":\"Servicios Seguridad - Ijuba\",\"isPartOf\":{\"@id\":\"http:\/\/www.ijuba.solutions\/epayments\/#website\"},\"primaryImageOfPage\":{\"@id\":\"http:\/\/www.ijuba.solutions\/epayments\/servicios-seguridad\/#primaryimage\"},\"datePublished\":\"2020-11-18T03:00:20+00:00\",\"dateModified\":\"2020-11-20T22:48:16+00:00\",\"inLanguage\":\"en\",\"potentialAction\":[{\"@type\":\"ReadAction\",\"target\":[\"http:\/\/www.ijuba.solutions\/epayments\/servicios-seguridad\/\"]}]}]}<\/script>\n<!-- \/ Yoast SEO Premium plugin. -->","_links":{"self":[{"href":"http:\/\/www.ijuba.solutions\/epayments\/wp-json\/wp\/v2\/pages\/154"}],"collection":[{"href":"http:\/\/www.ijuba.solutions\/epayments\/wp-json\/wp\/v2\/pages"}],"about":[{"href":"http:\/\/www.ijuba.solutions\/epayments\/wp-json\/wp\/v2\/types\/page"}],"author":[{"embeddable":true,"href":"http:\/\/www.ijuba.solutions\/epayments\/wp-json\/wp\/v2\/users\/1"}],"replies":[{"embeddable":true,"href":"http:\/\/www.ijuba.solutions\/epayments\/wp-json\/wp\/v2\/comments?post=154"}],"version-history":[{"count":3,"href":"http:\/\/www.ijuba.solutions\/epayments\/wp-json\/wp\/v2\/pages\/154\/revisions"}],"predecessor-version":[{"id":166,"href":"http:\/\/www.ijuba.solutions\/epayments\/wp-json\/wp\/v2\/pages\/154\/revisions\/166"}],"wp:attachment":[{"href":"http:\/\/www.ijuba.solutions\/epayments\/wp-json\/wp\/v2\/media?parent=154"}],"curies":[{"name":"wp","href":"https:\/\/api.w.org\/{rel}","templated":true}]}}