{"id":3,"date":"2020-11-05T18:07:32","date_gmt":"2020-11-05T18:07:32","guid":{"rendered":"http:\/\/www.ijuba.solutions\/epayments\/?page_id=3"},"modified":"2021-01-27T20:56:10","modified_gmt":"2021-01-27T20:56:10","slug":"privacy-policy","status":"publish","type":"page","link":"http:\/\/www.ijuba.solutions\/epayments\/privacy-policy\/","title":{"rendered":"Privacy Policy"},"content":{"rendered":"<div id=\"cs-content\" class=\"cs-content\" >\n<div class=\"e3-1 x-section\" >\n    \n<div class=\"x-bg\" aria-hidden=\"true\" >\n  <div class=\"x-bg-layer-lower-image\" style=\" background-image: url(http:\/\/www.ijuba.solutions\/epayments\/wp-content\/uploads\/2021\/01\/AVISO-DE-PRIVACIDAD.png); background-repeat: no-repeat; background-position: center; background-size: cover;\" ><\/div>  <\/div>\n  \n<div class=\"e3-2 x-row x-container max width\" >\n  <div class=\"x-row-inner\">\n    \n<div class=\"e3-3 x-col\" >\n    \n<div class=\"e3-4 x-text\" >\n  Aviso de Privacidad<\/div>\n<\/div>\n  <\/div>\n  <\/div>\n  <\/div>\n\n<div class=\"e3-5 x-section\" >\n      \n<div class=\"e3-6 x-row x-container max width\" >\n  <div class=\"x-row-inner\">\n    \n<div class=\"e3-7 x-col\" >\n    \n<div class=\"e3-8 x-text\" >\n  <p>IJUBA, S.C., es la persona moral, que, de acuerdo con la Ley Federal de Protecci\u00f3n de Datos Personales en Posesi\u00f3n de los Particulares, (LFPDPPP) se entiende como (el \u201cResponsable\u201d) ya que, decide sobre el tratamiento de los datos personales que recaba de usted, como \u201cTitular\u201d de los mismos, entendi\u00e9ndose como \u201cTitular\u201d la persona f\u00edsica a quien corresponden los datos personales, y por \u00e9stos \u00faltimos, cualquier informaci\u00f3n concerniente a una persona f\u00edsica identificada o identificable.<\/p>\n<p>Para el \u201cResponsable\u201d, el tratar sus datos de manera leg\u00edtima y en apego a la Ley Federal de la Materia, resulta un tema prioritario. Este Aviso de Privacidad complementa cualesquiera otros avisos de privacidad simplificados o cortos que el \u201cResponsable\u201d haya puesto a su disposici\u00f3n por ser el titular de sus datos personales y resulta supletorio en todo aquello que expresamente no refieran tales avisos.<\/p>\n<p><\/p>\n\n<h4>Domicilio del Responsable<\/h4>\n<p>Lago Alberto 319 piso 6, Col Granada, Alcald\u00eda Miguel Hidalgo, CDMX, CP. 11520<\/p>\n<p>Dicho domicilio es el establecido por el \u201cResponsable\u201d para o\u00edr y recibir notificaciones.<\/p>\n<p><\/p>\n\n<h4>Datos Personales<\/h4>\n<p>Los datos personales que IJUBA trata son:<\/p>\n<p>Datos de identificaci\u00f3n y contacto:<\/p>\n\n<ul>\n \t<li>Nombre completo,<\/li>\n \t<li>Domicilio,<\/li>\n \t<li>Telef\u00f3nico fijo y m\u00f3vil,<\/li>\n \t<li>Correo electr\u00f3nico,<\/li>\n \t<li>Imagen o fotograf\u00eda,<\/li>\n \t<li>Firma aut\u00f3grafa,<\/li>\n<\/ul>\n<p><\/p>\n<p>Existen opciones dentro de nuestro sitio web http:\/\/ijuba.solutions\/\u00a0 donde podremos obtener datos personales de una tercera persona (por ejemplo, un sitio de Internet puede permitirle mandar informaci\u00f3n de nuestros productos y servicios a un amigo, en cuyo caso requeriremos el nombre de esa persona y su direcci\u00f3n de correo electr\u00f3nico). Para ello necesitamos que usted cuente con el consentimiento de dicha persona, por lo que, si nos env\u00eda la citada informaci\u00f3n, entenderemos que ha solicitado previamente la autorizaci\u00f3n del titular de los datos, para compartirlo con nosotros.<\/p>\n<p><\/p>\n\n<h4>Datos personales de menores de edad<\/h4>\n<p>En t\u00e9rminos generales nuestro sitio web y los servicios que ofrecemos no se destinan a menores de edad. Sin embargo, en dado caso que se obtengan, usen o almacenen datos personales de menores de edad, se har\u00e1 con el consentimiento de sus padres o tutores. Cuando un menor se identifica como tal, incorporamos instrucciones para obtener el consentimiento de sus padres o tutores antes de que el menor nos proporcione cualquier dato de car\u00e1cter personal.<\/p>\n<p>Si usted es padre\/madre o tutor de alg\u00fan menor de edad que haya proporcionado sus datos personales sin su consentimiento, puede solicitar el ejercicio de cualquiera de los derechos ARCO enviando un correo electr\u00f3nico a\u00a0 contacto@ijuba.solutions.<\/p>\n<p><\/p>\n\n<h4>Finalidades del tratamiento de los datos personales<\/h4>\n<p>IJUBA tratar\u00e1 sus datos para las siguientes finalidades:<\/p>\n<p><\/p>\n<p>Primarias:<\/p>\n\n<ul>\n \t<li>Prestarle los servicios profesionales que usted requiera, de conformidad con la propuesta que de los mismos el Responsable le presente. Los servicios profesionales que el \u201cResponsable\u201d puede prestarle son en los ramos de desarrollo de sistemas, aplicativos m\u00f3viles, ciberseguridad, in-plants, certificaci\u00f3n y pruebas de procesos o software, procesamiento de transacciones electr\u00f3nicas, consultor\u00eda de sistemas y medios de pago, pr\u00e9stamo de servicios de mensajer\u00eda electr\u00f3nica, y consultor\u00eda o servicios de sistemas en general.<\/li>\n \t<li>Establecer y verificar la identidad de los usuarios.<\/li>\n \t<li>Verificar la identidad de aquellas personas que visitan nuestras instalaciones.<\/li>\n \t<li>Mantener la seguridad e integridad de nuestros sistemas, nuestras instalaciones y nuestro personal.<\/li>\n \t<li>Abrir, mantener, administrar y dar seguimiento a las cuentas que tiene con nosotros.<\/li>\n \t<li>Prestar servicios y asistencia.<\/li>\n \t<li>Responder a sus preguntas, requerimientos de informaci\u00f3n, comentarios o sugerencias.<\/li>\n \t<li>Proporcionarle informaci\u00f3n acerca de oportunidades de empleo, administraci\u00f3n del proceso de reclutamiento y considerarlo para alguna vacante o enviarle vacantes que le podr\u00edan interesar.<\/li>\n<\/ul>\n<p><\/p>\n<p>Secundarias:<\/p>\n\n<ul>\n \t<li>Para enviarle actualizaciones sobre los productos o servicios que son de su inter\u00e9s, avisos de promociones, ofertas y otra informaci\u00f3n de IJUBA y sus filiales.<\/li>\n \t<li>Para llevar a cabo las rifas, sorteos, concursos y promociones en los que decide participar y, en su caso, publicar los resultados y entregar los premios correspondientes.<\/li>\n \t<li>Para entender sus necesidades y el modo en el que podemos mejorar nuestros productos y servicios.<\/li>\n \t<li>Para mejorar nuestro sitio web tomando en cuenta sus preferencias.<\/li>\n<\/ul>\n<p><\/p>\n<p>En ocasiones IJUBA obtiene ciertos datos de fuentes de acceso p\u00fablico, a fin de contactarlo y proporcionarle informaci\u00f3n sobre nuestros productos y servicios. En dichos casos usted podr\u00e1 en todo momento optar por dejar de recibir nuestra informaci\u00f3n envi\u00e1ndonos un correo a: contacto@ijuba.solutions, solicitando que dejemos de tratar sus datos personales.<\/p>\n<p><\/p>\n<p><\/p>\n\n<h4>Transferencias de datos personales<\/h4>\n<p>\u00danicamente en los casos descritos en la Ley, tales como: cumplimiento a disposiciones legales, requerimiento de autoridades o transferencias entre nuestras empresas filiales o subsidiarias, se llevar\u00e1 a cabo la transferencia de sus datos personales.<\/p>\n<p>En el caso particular de los candidatos a empleados y de los empleados, se realizar\u00e1 transferencia de sus datos en los casos en los que ellos mismos as\u00ed lo soliciten a efecto de brindar a terceros referencias profesionales o enviar sus curr\u00edculas a empresas interesadas en ellas.<\/p>\n<p><\/p>\n\n<h4>Derechos del titular respecto a sus datos personales<\/h4>\n<p>Usted tiene derecho de acceder a sus datos personales y a conocer los detalles del tratamiento de los mismos, a rectificarlos en caso de ser inexactos o incompletos; cancelarlos cuando considere que ya no son necesarios para cumplir con las finalidades que justificaron su obtenci\u00f3n, as\u00ed como a oponerse a su tratamiento por una causa leg\u00edtima (Derechos \u201cARCO\u201d). De igual forma, usted puede limitar el uso y divulgaci\u00f3n de sus datos, o bien, revocar el consentimiento que haya otorgado para su tratamiento.<\/p>\n<p>El mecanismo implementado para el ejercicio de derechos es a trav\u00e9s de la presentaci\u00f3n de la solicitud respectiva al correo electr\u00f3nico contacto@ijuba.solutions.<\/p>\n<p><\/p>\n<p>Su solicitud, deber\u00e1 contener:<\/p>\n\n<ul>\n \t<li>El nombre del titular y domicilio u otro medio para comunicarle la respuesta a su solicitud;<\/li>\n \t<li>Los documentos que acrediten la identidad o, en su caso, la representaci\u00f3n legal del titular;<\/li>\n \t<li>La descripci\u00f3n clara y precisa de los datos personales respecto de los que se busca ejercer alguno de los derechos antes mencionados; y Cualquier otro elemento o documento que facilite la localizaci\u00f3n de los datos personales.<\/li>\n \t<li>En el caso de solicitudes de rectificaci\u00f3n, el titular deber\u00e1 indicar, adem\u00e1s de lo anterior, las modificaciones a realizarse y aportar la documentaci\u00f3n que sustente su petici\u00f3n.<\/li>\n<\/ul>\n<p><\/p>\n<p>IJUBA le comunicar\u00e1, en un plazo m\u00e1ximo de treinta d\u00edas h\u00e1biles, contados desde la fecha en que se recibi\u00f3 completa la solicitud de acceso, rectificaci\u00f3n, cancelaci\u00f3n u oposici\u00f3n, la determinaci\u00f3n adoptada, a efecto de que, si resulta procedente, se haga efectiva dentro de los quince d\u00edas h\u00e1biles siguientes a la fecha en que se comunica la respuesta. Los plazos antes referidos podr\u00e1n ser ampliados una sola vez por un periodo igual, siempre y cuando as\u00ed lo justifiquen las circunstancias del caso.<\/p>\n<p>Usted puede dejar de recibir mensajes promocionales por cualquier medio, como correo electr\u00f3nico, tel\u00e9fono fijo o celular, y correo postal, envi\u00e1ndonos un correo electr\u00f3nico a contacto@ijuba.solutions.<\/p>\n<p>O bien, si as\u00ed lo desea puede inscribirse al Registro P\u00fablico para Evitar Publicidad, de la Procuradur\u00eda Federal del Consumidor en la siguiente liga:<\/p>\n<p>https:\/\/repep.profeco.gob.mx\/<\/p>\n<p><\/p>\n\n<h4>Cookies o web Beacons<\/h4>\n<p>Nuestro sitio web recaba autom\u00e1ticamente determinada informaci\u00f3n no personal sobre el uso de nuestro sitio, la cual se almacena en nuestros servidores para fines exclusivamente internos, como pueden ser facilitar su visita a nuestro sitio, mejorar su experiencia on-line o para finalidades estad\u00edsticas de acceso.<\/p>\n<p>Para los fines antes mencionados, tambi\u00e9n podemos utilizar \u201ccookies\u201d, web beacons y otras tecnolog\u00edas. Las \u201ccookies\u201d son archivos de texto que son descargados autom\u00e1ticamente y almacenados en el disco duro del equipo de c\u00f3mputo del usuario al navegar en una p\u00e1gina de Internet espec\u00edfica; permiten recordar al servidor de Internet algunos datos sobre este usuario, entre ellos, sus preferencias para la visualizaci\u00f3n de las p\u00e1ginas en ese servidor, nombre y contrase\u00f1a. Los web beacons son im\u00e1genes insertadas en una p\u00e1gina de Internet o correo electr\u00f3nico, que pueden ser utilizados para monitorear el comportamiento de un visitante, para almacenar informaci\u00f3n sobre la direcci\u00f3n IP del usuario, duraci\u00f3n del tiempo de interacci\u00f3n en dicha p\u00e1gina y el tipo de navegador utilizado, entre otros.<\/p>\n<p>Las \u201ccookies\u201d y web beacons nos permitir\u00e1n adecuar una p\u00e1gina web o anuncio a sus intereses y preferencias. En la mayor\u00eda de los navegadores de Internet usted puede eliminar las \u201ccookies\u201d del disco duro de su ordenador, bloquearlas o recibir un aviso antes de que se instale una \u201ccookie\u201d. Por favor, consulte las instrucciones de su navegador o la pantalla de ayuda para saber m\u00e1s sobre el funcionamiento de estas tecnolog\u00edas y como deshabilitarlas.<\/p>\n<p><\/p>\n\n<h4>Medidas de Seguridad<\/h4>\n<p>IJUBA ha establecido y mantiene las medidas de seguridad, administrativas, t\u00e9cnicas y f\u00edsicas que le permiten proteger sus datos personales contra da\u00f1o, p\u00e9rdida, alteraci\u00f3n, destrucci\u00f3n o contra el uso, acceso o tratamiento no autorizado, en t\u00e9rminos de la legislaci\u00f3n aplicable.<\/p>\n<p><\/p>\n\n<h4>Cambios al aviso de privacidad<\/h4>\n<p>En caso de modificaciones al presente Aviso de Privacidad. Estas modificaciones estar\u00e1n disponibles al p\u00fablico a trav\u00e9s de los siguientes medios: (i) anuncios visibles en nuestros establecimientos o centros de atenci\u00f3n a clientes; (ii) tr\u00edpticos o folletos disponibles en nuestros establecimientos o centros de atenci\u00f3n a clientes; (iii) en nuestra p\u00e1gina de Internet [secci\u00f3n aviso de privacidad]; (iv) o se las haremos llegar al \u00faltimo correo electr\u00f3nico que nos haya proporcionado.<\/p>\n<p><\/p>\n\n<h4>Uso de Redes Sociales \u201cPlug-ins\u201d<\/h4>\n<p>Plug-ins (\"plug-ins\") de las redes sociales facebook.com y Twitter pueden ser a\u00f1adidos en nuestras p\u00e1ginas web. Los servicios asociados son proporcionados por las compa\u00f1\u00edas de Facebook Inc. y Twitter Inc., respectivamente (\"Proveedores\").<\/p>\n<p>Facebook es operado por Facebook Inc., 1601 S. California Ave, Palo Alto, CA 94304, EE.UU. (\"Facebook\"). Para una visi\u00f3n general del Facebook plug-ins y su apariencia, vaya a:<\/p>\n<p>https:\/\/developers.facebook.com\/docs\/plugins<\/p>\n<p><\/p>\n<p>Twitter es operado por Twitter Inc., 1355 Market St, Suite 900, San Francisco, CA 94103, EE.UU.. Para una visi\u00f3n general de las opciones de Twitter y su aspecto, vaya a:<\/p>\n<p>https:\/\/dev.twitter.com\/web\/tweet-button<\/p>\n<p>Para aumentar la protecci\u00f3n de los datos cuando visita nuestras p\u00e1ginas web, estos plug-ins se implementan como \"2-click buttons\". Esta forma de integraci\u00f3n asegura que, al acceder a una p\u00e1gina dentro de nuestra p\u00e1gina web que contenga dichos plug-ins, no est\u00e1n conectado autom\u00e1ticamente a los servidores de los proveedores. S\u00f3lo si activa los plug-ins, emitiendo as\u00ed un permiso para la transmisi\u00f3n de datos, el navegador crear\u00e1 un v\u00ednculo directo a los servidores de los proveedores. El contenido de los diversos plug-ins se transmite por el proveedor en cuesti\u00f3n directamente en el navegador y luego aparece en la pantalla.<\/p>\n<p>El plug-in le dice al proveedor cu\u00e1les de nuestras p\u00e1ginas web ha accedido. Si, mientras est\u00e1 viendo nuestro sitio web, se inicia la sesi\u00f3n en su cuenta de usuario de Facebook o Twitter, el proveedor es capaz de compaginar su inter\u00e9s, es decir, la informaci\u00f3n que usted est\u00e1 accediendo con su cuenta de usuario. Al hacer uso de cualquiera de las funciones de plug-in (por ejemplo, al hacer clic en el bot\u00f3n \"Me gusta\", dejando un comentario), esta informaci\u00f3n tambi\u00e9n ser\u00e1 transmitida por el navegador directamente al proveedor para registrarlo.<\/p>\n<p>Para m\u00e1s informaci\u00f3n sobre esto y uso de datos por Facebook o Twitter, as\u00ed como sobre los derechos y posibilidades disponibles para proteger su privacidad en estas circunstancias, se puede encontrar en los avisos de protecci\u00f3n de datos \/ privacidad de los proveedores:<\/p>\n<p>Protecci\u00f3n de datos \/ aviso de privacidad emitido por: Facebook: http:\/\/www.facebook.com\/policy.php<\/p>\n<p><\/p>\n<p>Protecci\u00f3n de datos \/ aviso de privacidad emitido por:<\/p>\n<p>Twitter: https:\/\/twitter.com\/privacy<\/p>\n<p><\/p>\n<p>Para evitar el permitir que Facebook o Twitter vinculen su visita de nuestro sitio web a su cuenta de usuario con estos proveedores, tendr\u00e1 que desconectarse de la cuenta de usuario correspondiente antes de acceder a nuestras p\u00e1ginas web.<\/p>\n<p><\/p>\n\n<h4>Derecho a promover los procedimientos de protecci\u00f3n de derechos y de verificaci\u00f3n que sustancia el Instituto<\/h4>\n<p>Cualquier queja o informaci\u00f3n adicional respecto al tratamiento de sus datos personales o duda en relaci\u00f3n con la Ley Federal de Protecci\u00f3n de Datos Personales en Posesi\u00f3n de los Particulares o con su Reglamento, podr\u00e1 dirigirla al Instituto Nacional de Transparencia, Acceso a la Informaci\u00f3n y Protecci\u00f3n de Datos Personales (INAI).<\/p><\/div>\n<\/div>\n  <\/div>\n  <\/div>\n  <\/div>\n<\/div>\n","protected":false},"excerpt":{"rendered":"<p>Aviso de Privacidad IJUBA, S.C., es la persona moral, que, de acuerdo con la Ley Federal de Protecci\u00f3n de Datos Personales en Posesi\u00f3n de los Particulares, (LFPDPPP) se entiende como (el \u201cResponsable\u201d) ya que, decide sobre el tratamiento de los datos personales que recaba de usted, como \u201cTitular\u201d de los mismos, entendi\u00e9ndose como \u201cTitular\u201d la persona f\u00edsica a quien corresponden &#8230; <\/p>\n<div><a href=\"http:\/\/www.ijuba.solutions\/epayments\/privacy-policy\/\" class=\"more-link\">Read More<\/a><\/div>\n","protected":false},"author":1,"featured_media":0,"parent":0,"menu_order":0,"comment_status":"closed","ping_status":"closed","template":"template-blank-4.php","meta":[],"yoast_head":"<!-- This site is optimized with the Yoast SEO Premium plugin v15.1.1 - https:\/\/yoast.com\/wordpress\/plugins\/seo\/ -->\n<title>Privacy Policy - Ijuba<\/title>\n<meta name=\"robots\" content=\"index, follow, max-snippet:-1, max-image-preview:large, max-video-preview:-1\" \/>\n<link rel=\"canonical\" href=\"http:\/\/www.ijuba.solutions\/epayments\/privacy-policy\/\" \/>\n<meta property=\"og:locale\" content=\"en_US\" \/>\n<meta property=\"og:type\" content=\"article\" \/>\n<meta property=\"og:title\" content=\"Privacy Policy - Ijuba\" \/>\n<meta property=\"og:description\" content=\"Aviso de Privacidad IJUBA, S.C., es la persona moral, que, de acuerdo con la Ley Federal de Protecci\u00f3n de Datos Personales en Posesi\u00f3n de los Particulares, (LFPDPPP) se entiende como (el \u201cResponsable\u201d) ya que, decide sobre el tratamiento de los datos personales que recaba de usted, como \u201cTitular\u201d de los mismos, entendi\u00e9ndose como \u201cTitular\u201d la persona f\u00edsica a quien corresponden ... Read More\" \/>\n<meta property=\"og:url\" content=\"http:\/\/www.ijuba.solutions\/epayments\/privacy-policy\/\" \/>\n<meta property=\"og:site_name\" content=\"Ijuba\" \/>\n<meta property=\"article:publisher\" content=\"https:\/\/www.facebook.com\/ijubasolutions\" \/>\n<meta property=\"article:modified_time\" content=\"2021-01-27T20:56:10+00:00\" \/>\n<meta name=\"twitter:card\" content=\"summary_large_image\" \/>\n<meta name=\"twitter:creator\" content=\"@ijubasolutions\" \/>\n<meta name=\"twitter:site\" content=\"@ijubasolutions\" \/>\n<script type=\"application\/ld+json\" class=\"yoast-schema-graph\">{\"@context\":\"https:\/\/schema.org\",\"@graph\":[{\"@type\":\"Organization\",\"@id\":\"http:\/\/www.ijuba.solutions\/epayments\/#organization\",\"name\":\"Ijuba Solutions\",\"url\":\"http:\/\/www.ijuba.solutions\/epayments\/\",\"sameAs\":[\"https:\/\/www.facebook.com\/ijubasolutions\",\"https:\/\/www.linkedin.com\/company\/ijuba\/\",\"https:\/\/twitter.com\/ijubasolutions\"],\"logo\":{\"@type\":\"ImageObject\",\"@id\":\"http:\/\/www.ijuba.solutions\/epayments\/#logo\",\"inLanguage\":\"en\",\"url\":\"http:\/\/www.ijuba.solutions\/epayments\/wp-content\/uploads\/2020\/11\/Ijuba.png\",\"width\":500,\"height\":175,\"caption\":\"Ijuba Solutions\"},\"image\":{\"@id\":\"http:\/\/www.ijuba.solutions\/epayments\/#logo\"}},{\"@type\":\"WebSite\",\"@id\":\"http:\/\/www.ijuba.solutions\/epayments\/#website\",\"url\":\"http:\/\/www.ijuba.solutions\/epayments\/\",\"name\":\"Ijuba Solutions\",\"description\":\"Solutions\",\"publisher\":{\"@id\":\"http:\/\/www.ijuba.solutions\/epayments\/#organization\"},\"potentialAction\":[{\"@type\":\"SearchAction\",\"target\":\"http:\/\/www.ijuba.solutions\/epayments\/?s={search_term_string}\",\"query-input\":\"required name=search_term_string\"}],\"inLanguage\":\"en\"},{\"@type\":\"WebPage\",\"@id\":\"http:\/\/www.ijuba.solutions\/epayments\/privacy-policy\/#webpage\",\"url\":\"http:\/\/www.ijuba.solutions\/epayments\/privacy-policy\/\",\"name\":\"Privacy Policy - Ijuba\",\"isPartOf\":{\"@id\":\"http:\/\/www.ijuba.solutions\/epayments\/#website\"},\"datePublished\":\"2020-11-05T18:07:32+00:00\",\"dateModified\":\"2021-01-27T20:56:10+00:00\",\"inLanguage\":\"en\",\"potentialAction\":[{\"@type\":\"ReadAction\",\"target\":[\"http:\/\/www.ijuba.solutions\/epayments\/privacy-policy\/\"]}]}]}<\/script>\n<!-- \/ Yoast SEO Premium plugin. -->","_links":{"self":[{"href":"http:\/\/www.ijuba.solutions\/epayments\/wp-json\/wp\/v2\/pages\/3"}],"collection":[{"href":"http:\/\/www.ijuba.solutions\/epayments\/wp-json\/wp\/v2\/pages"}],"about":[{"href":"http:\/\/www.ijuba.solutions\/epayments\/wp-json\/wp\/v2\/types\/page"}],"author":[{"embeddable":true,"href":"http:\/\/www.ijuba.solutions\/epayments\/wp-json\/wp\/v2\/users\/1"}],"replies":[{"embeddable":true,"href":"http:\/\/www.ijuba.solutions\/epayments\/wp-json\/wp\/v2\/comments?post=3"}],"version-history":[{"count":5,"href":"http:\/\/www.ijuba.solutions\/epayments\/wp-json\/wp\/v2\/pages\/3\/revisions"}],"predecessor-version":[{"id":202,"href":"http:\/\/www.ijuba.solutions\/epayments\/wp-json\/wp\/v2\/pages\/3\/revisions\/202"}],"wp:attachment":[{"href":"http:\/\/www.ijuba.solutions\/epayments\/wp-json\/wp\/v2\/media?parent=3"}],"curies":[{"name":"wp","href":"https:\/\/api.w.org\/{rel}","templated":true}]}}