{"id":53,"date":"2020-11-07T22:18:41","date_gmt":"2020-11-07T22:18:41","guid":{"rendered":"http:\/\/www.ijuba.solutions\/epayments\/?page_id=53"},"modified":"2020-11-20T23:05:15","modified_gmt":"2020-11-20T23:05:15","slug":"nosotros","status":"publish","type":"page","link":"http:\/\/www.ijuba.solutions\/epayments\/nosotros\/","title":{"rendered":"Nosotros"},"content":{"rendered":"<div id=\"cs-content\" class=\"cs-content\" >\n<div class=\"e53-1 x-section\" >\n    \n<div class=\"x-bg\" aria-hidden=\"true\" >\n  <div class=\"x-bg-layer-lower-image\" style=\" background-image: url(http:\/\/www.ijuba.solutions\/epayments\/wp-content\/uploads\/2020\/11\/nosotros-header-fondo.jpg); background-repeat: no-repeat; background-position: top; background-size: cover;\" ><\/div>  <\/div>\n  \n<div class=\"e53-2 x-row x-container max width\" >\n  <div class=\"x-row-inner\">\n    \n<div class=\"e53-3 x-col\" >\n    \n<div class=\"e53-4 x-text\" >\n  <p>Tecnolog\u00edas innovadoras<br \/>\ncon un enfoque de calidad y seguridad.<\/p><\/div>\n\n<a class=\"e53-5 x-anchor x-anchor-button\" tabindex=\"0\" href=\"http:\/\/www.ijuba.solutions\/epayments\/contacto\/#contacto\" >\n\n  \n  <div class=\"x-anchor-content\">\n        <div class=\"x-anchor-text\"><span class=\"x-anchor-text-primary\" data-x-single-anim=\"x-slide-top\" >CONTACTAR<\/span><\/div>      <\/div>\n\n    \n  \n<\/a>\n<\/div>\n  <\/div>\n  <\/div>\n  <\/div>\n\n<div class=\"e53-6 x-section\" >\n      \n<div class=\"e53-7 x-row x-container max width\" >\n  <div class=\"x-row-inner\">\n    \n<div class=\"e53-8 x-col\" >\n    \n<div class=\"e53-9 x-text  x-hide-lg x-hide-md x-hide-xl x-hide-xs\" >\n  Misi\u00f3n<\/div>\n\n<div class=\"e53-10 x-text  x-hide-sm x-hide-xs\" >\n  Misi\u00f3n<\/div>\n\n<div class=\"e53-11 x-text  x-hide-lg x-hide-md x-hide-sm x-hide-xl\" >\n  Misi\u00f3n<\/div>\n\n<div class=\"e53-12 x-text  x-hide-lg x-hide-md x-hide-xl x-hide-xs\" >\n  <p>Hacer posible para las empresas de TI y de Medios<br \/>\nde Pago generar y adoptar tecnolog\u00edas innovadores<br \/>\ncon un enfoque de calidad y seguridad.<\/p><\/div>\n\n<div class=\"e53-13 x-text  x-hide-sm x-hide-xs\" >\n  <p>Hacer posible para las empresas de TI y de Medios<br \/>\nde Pago generar y adoptar tecnolog\u00edas innovadores<br \/>\ncon un enfoque de calidad y seguridad.<\/p><\/div>\n\n<div class=\"e53-14 x-text  x-hide-lg x-hide-md x-hide-sm x-hide-xl\" >\n  <p>Hacer posible para las empresas de TI y de Medios<br \/>\nde Pago generar y adoptar tecnolog\u00edas innovadores<br \/>\ncon un enfoque de calidad y seguridad.<\/p><\/div>\n<\/div>\n\n<div class=\"e53-15 x-col\" >\n    \n<span class=\"e53-16 x-image\" >\n  <img alt=\"Image\" src=\"http:\/\/www.ijuba.solutions\/epayments\/wp-content\/uploads\/2020\/11\/nosotros-mid-fondo.png\" width=\"512\" height=\"656\" >\n<\/span>\n<\/div>\n\n<div class=\"e53-17 x-col\" >\n    \n<div class=\"e53-18 x-text  x-hide-sm x-hide-xs\" >\n  Visi\u00f3n<\/div>\n\n<div class=\"e53-19 x-text  x-hide-lg x-hide-md x-hide-xl\" >\n  Visi\u00f3n<\/div>\n\n<div class=\"e53-20 x-text  x-hide-sm x-hide-xs\" >\n  Ser una empresa de influencia internacional, adoptando tecnolog\u00edas innovadoras e integr\u00e1ndolas en un creciente portafolio de servicios enfocados al desarrollo de nuestros Clientes, generando as\u00ed, talento con capacidades para hacerlo posible.<\/div>\n\n<div class=\"e53-21 x-text  x-hide-lg x-hide-md x-hide-xl\" >\n  Ser una empresa de influencia internacional, adoptando tecnolog\u00edas innovadoras e integr\u00e1ndolas en un creciente portafolio de servicios enfocados al desarrollo de nuestros Clientes, generando as\u00ed, talento con capacidades para hacerlo posible.<\/div>\n<\/div>\n  <\/div>\n  <\/div>\n  <\/div>\n\n<div class=\"e53-22 x-section\" >\n      \n<div class=\"e53-23 x-row x-container max width\" >\n  <div class=\"x-row-inner\">\n    \n<div class=\"e53-24 x-col\" >\n    <div class=\"x-text cs-ta-center\"  ><h5><strong>Tenemos la soluci\u00f3n que necesitas.<\/strong><\/h5>\n<\/div>\n<a class=\"e53-26 x-anchor x-anchor-button\" tabindex=\"0\" href=\"http:\/\/www.ijuba.solutions\/epayments\/contacto\/#contacto\" >\n\n  \n  <div class=\"x-anchor-content\">\n        <div class=\"x-anchor-text\"><span class=\"x-anchor-text-primary\" data-x-single-anim=\"x-slide-top\" >CONTACTAR<\/span><\/div>      <\/div>\n\n    \n  \n<\/a>\n<\/div>\n  <\/div>\n  <\/div>\n  <\/div>\n<\/div>\n","protected":false},"excerpt":{"rendered":"<p>Tecnolog\u00edas innovadoras con un enfoque de calidad y seguridad. CONTACTAR Misi\u00f3n Misi\u00f3n Misi\u00f3n Hacer posible para las empresas de TI y de Medios de Pago generar y adoptar tecnolog\u00edas innovadores con un enfoque de calidad y seguridad. Hacer posible para las empresas de TI y de Medios de Pago generar y adoptar tecnolog\u00edas innovadores con un enfoque de calidad y &#8230; <\/p>\n<div><a href=\"http:\/\/www.ijuba.solutions\/epayments\/nosotros\/\" class=\"more-link\">Read More<\/a><\/div>\n","protected":false},"author":1,"featured_media":0,"parent":0,"menu_order":0,"comment_status":"closed","ping_status":"closed","template":"template-blank-4.php","meta":[],"yoast_head":"<!-- This site is optimized with the Yoast SEO Premium plugin v15.1.1 - https:\/\/yoast.com\/wordpress\/plugins\/seo\/ -->\n<title>Nosotros - Ijuba<\/title>\n<meta name=\"robots\" content=\"index, follow, max-snippet:-1, max-image-preview:large, max-video-preview:-1\" \/>\n<link rel=\"canonical\" href=\"http:\/\/www.ijuba.solutions\/epayments\/nosotros\/\" \/>\n<meta property=\"og:locale\" content=\"en_US\" \/>\n<meta property=\"og:type\" content=\"article\" \/>\n<meta property=\"og:title\" content=\"Nosotros - Ijuba\" \/>\n<meta property=\"og:description\" content=\"Tecnolog\u00edas innovadoras con un enfoque de calidad y seguridad. CONTACTAR Misi\u00f3n Misi\u00f3n Misi\u00f3n Hacer posible para las empresas de TI y de Medios de Pago generar y adoptar tecnolog\u00edas innovadores con un enfoque de calidad y seguridad. Hacer posible para las empresas de TI y de Medios de Pago generar y adoptar tecnolog\u00edas innovadores con un enfoque de calidad y ... Read More\" \/>\n<meta property=\"og:url\" content=\"http:\/\/www.ijuba.solutions\/epayments\/nosotros\/\" \/>\n<meta property=\"og:site_name\" content=\"Ijuba\" \/>\n<meta property=\"article:publisher\" content=\"https:\/\/www.facebook.com\/ijubasolutions\" \/>\n<meta property=\"article:modified_time\" content=\"2020-11-20T23:05:15+00:00\" \/>\n<meta property=\"og:image\" content=\"http:\/\/www.ijuba.solutions\/epayments\/wp-content\/uploads\/2020\/11\/nosotros-mid-fondo.png\" \/>\n<meta name=\"twitter:card\" content=\"summary_large_image\" \/>\n<meta name=\"twitter:creator\" content=\"@ijubasolutions\" \/>\n<meta name=\"twitter:site\" content=\"@ijubasolutions\" \/>\n<script type=\"application\/ld+json\" class=\"yoast-schema-graph\">{\"@context\":\"https:\/\/schema.org\",\"@graph\":[{\"@type\":\"Organization\",\"@id\":\"http:\/\/www.ijuba.solutions\/epayments\/#organization\",\"name\":\"Ijuba Solutions\",\"url\":\"http:\/\/www.ijuba.solutions\/epayments\/\",\"sameAs\":[\"https:\/\/www.facebook.com\/ijubasolutions\",\"https:\/\/www.linkedin.com\/company\/ijuba\/\",\"https:\/\/twitter.com\/ijubasolutions\"],\"logo\":{\"@type\":\"ImageObject\",\"@id\":\"http:\/\/www.ijuba.solutions\/epayments\/#logo\",\"inLanguage\":\"en\",\"url\":\"http:\/\/www.ijuba.solutions\/epayments\/wp-content\/uploads\/2020\/11\/Ijuba.png\",\"width\":500,\"height\":175,\"caption\":\"Ijuba Solutions\"},\"image\":{\"@id\":\"http:\/\/www.ijuba.solutions\/epayments\/#logo\"}},{\"@type\":\"WebSite\",\"@id\":\"http:\/\/www.ijuba.solutions\/epayments\/#website\",\"url\":\"http:\/\/www.ijuba.solutions\/epayments\/\",\"name\":\"Ijuba Solutions\",\"description\":\"Solutions\",\"publisher\":{\"@id\":\"http:\/\/www.ijuba.solutions\/epayments\/#organization\"},\"potentialAction\":[{\"@type\":\"SearchAction\",\"target\":\"http:\/\/www.ijuba.solutions\/epayments\/?s={search_term_string}\",\"query-input\":\"required name=search_term_string\"}],\"inLanguage\":\"en\"},{\"@type\":\"ImageObject\",\"@id\":\"http:\/\/www.ijuba.solutions\/epayments\/nosotros\/#primaryimage\",\"inLanguage\":\"en\",\"url\":\"http:\/\/www.ijuba.solutions\/epayments\/wp-content\/uploads\/2020\/11\/nosotros-mid-fondo.png\",\"width\":512,\"height\":656},{\"@type\":\"WebPage\",\"@id\":\"http:\/\/www.ijuba.solutions\/epayments\/nosotros\/#webpage\",\"url\":\"http:\/\/www.ijuba.solutions\/epayments\/nosotros\/\",\"name\":\"Nosotros - Ijuba\",\"isPartOf\":{\"@id\":\"http:\/\/www.ijuba.solutions\/epayments\/#website\"},\"primaryImageOfPage\":{\"@id\":\"http:\/\/www.ijuba.solutions\/epayments\/nosotros\/#primaryimage\"},\"datePublished\":\"2020-11-07T22:18:41+00:00\",\"dateModified\":\"2020-11-20T23:05:15+00:00\",\"inLanguage\":\"en\",\"potentialAction\":[{\"@type\":\"ReadAction\",\"target\":[\"http:\/\/www.ijuba.solutions\/epayments\/nosotros\/\"]}]}]}<\/script>\n<!-- \/ Yoast SEO Premium plugin. -->","_links":{"self":[{"href":"http:\/\/www.ijuba.solutions\/epayments\/wp-json\/wp\/v2\/pages\/53"}],"collection":[{"href":"http:\/\/www.ijuba.solutions\/epayments\/wp-json\/wp\/v2\/pages"}],"about":[{"href":"http:\/\/www.ijuba.solutions\/epayments\/wp-json\/wp\/v2\/types\/page"}],"author":[{"embeddable":true,"href":"http:\/\/www.ijuba.solutions\/epayments\/wp-json\/wp\/v2\/users\/1"}],"replies":[{"embeddable":true,"href":"http:\/\/www.ijuba.solutions\/epayments\/wp-json\/wp\/v2\/comments?post=53"}],"version-history":[{"count":3,"href":"http:\/\/www.ijuba.solutions\/epayments\/wp-json\/wp\/v2\/pages\/53\/revisions"}],"predecessor-version":[{"id":77,"href":"http:\/\/www.ijuba.solutions\/epayments\/wp-json\/wp\/v2\/pages\/53\/revisions\/77"}],"wp:attachment":[{"href":"http:\/\/www.ijuba.solutions\/epayments\/wp-json\/wp\/v2\/media?parent=53"}],"curies":[{"name":"wp","href":"https:\/\/api.w.org\/{rel}","templated":true}]}}