{"id":55,"date":"2020-11-07T22:19:24","date_gmt":"2020-11-07T22:19:24","guid":{"rendered":"http:\/\/www.ijuba.solutions\/epayments\/?page_id=55"},"modified":"2020-11-20T22:51:02","modified_gmt":"2020-11-20T22:51:02","slug":"servicios-sms","status":"publish","type":"page","link":"http:\/\/www.ijuba.solutions\/epayments\/servicios-sms\/","title":{"rendered":"Servicios SMS"},"content":{"rendered":"<div id=\"cs-content\" class=\"cs-content\" >\n<div class=\"e55-1 x-section\" >\n    \n<div class=\"x-bg\" aria-hidden=\"true\" >\n  <div class=\"x-bg-layer-lower-image\" style=\" background-image: url(http:\/\/www.ijuba.solutions\/epayments\/wp-content\/uploads\/2020\/11\/servicios-header.jpg); background-repeat: no-repeat; background-position: top; background-size: cover;\" ><\/div>  <\/div>\n  \n<div class=\"e55-2 x-row x-container max width\" >\n  <div class=\"x-row-inner\">\n    \n<div class=\"e55-3 x-col\" >\n    \n<div class=\"e55-4 x-text\" >\n  <h3><span style=\"color: #ffffff;\"><strong>SMS<\/strong><\/span><\/h3>\n<p><\/p><\/div>\n\n<div class=\"e55-5 x-text\" >\n  Una soluci\u00f3n inteligente de mensajer\u00eda m\u00f3vil.<\/div>\n\n<a class=\"e55-6 x-anchor x-anchor-button\" tabindex=\"0\" href=\"http:\/\/www.ijuba.solutions\/epayments\/contacto\/#contacto\" >\n\n  \n  <div class=\"x-anchor-content\">\n        <div class=\"x-anchor-text\"><span class=\"x-anchor-text-primary\" data-x-single-anim=\"x-slide-top\" >QUIERO MEJORAR LA EXPERIENCIA<\/span><\/div>      <\/div>\n\n    \n  \n<\/a>\n<\/div>\n  <\/div>\n  <\/div>\n  <\/div>\n\n<div class=\"e55-7 x-section\" >\n      \n<div class=\"e55-8 x-row x-container max width\" >\n  <div class=\"x-row-inner\">\n    \n<div class=\"e55-9 x-col\" >\n    \n<div class=\"e55-10 x-text  x-hide-lg x-hide-md x-hide-xl x-hide-xs\" >\n  <p><strong>SMS<\/strong><\/p><\/div>\n\n<div class=\"e55-11 x-text  x-hide-lg x-hide-md x-hide-sm x-hide-xl\" >\n  <p><strong>SMS<\/strong><\/p><\/div>\n\n<div class=\"e55-12 x-text  x-hide-lg x-hide-md x-hide-xl x-hide-xs\" >\n  <p>Estrecha la relaci&oacute;n con tus clientes o proveedores, brindando la mejor experiencia de servicio, con campa&ntilde;as efectivas de cobranza, marketing y ventas a trav&eacute;s de nuestra Soluci&oacute;n Inteligente de Mensajer&iacute;a M&oacute;vil<\/p><\/div>\n\n<div class=\"e55-13 x-text  x-hide-lg x-hide-md x-hide-sm x-hide-xl\" >\n  <p>Estrecha la relaci&oacute;n con tus clientes o proveedores, brindando la mejor experiencia de servicio, con campa&ntilde;as efectivas de cobranza, marketing y ventas a trav&eacute;s de nuestra Soluci&oacute;n Inteligente de Mensajer&iacute;a M&oacute;vil<\/p><\/div>\n\n<span class=\"e55-14 x-image servicios x-hide-sm x-hide-xs\" >\n  <img alt=\"Image\" src=\"http:\/\/www.ijuba.solutions\/epayments\/wp-content\/uploads\/2020\/11\/servicios.png\" width=\"631\" height=\"457\" >\n<\/span>\n\n<span class=\"e55-15 x-image  x-hide-lg x-hide-md x-hide-xl\" >\n  <img alt=\"Image\" src=\"http:\/\/www.ijuba.solutions\/epayments\/wp-content\/uploads\/2020\/11\/servicios-mobile.png\" width=\"631\" height=\"457\" >\n<\/span>\n<\/div>\n\n<div class=\"e55-16 x-col\" >\n    \n<div class=\"e55-17 x-text  x-hide-sm x-hide-xs\" >\n  <p><strong>SMS<\/strong><\/p><\/div>\n\n<div class=\"e55-18 x-text  x-hide-sm x-hide-xs\" >\n  <p>Estrecha la relaci&oacute;n con tus clientes o proveedores, brindando la mejor experiencia de servicio, con campa&ntilde;as efectivas de cobranza, marketing y ventas a trav&eacute;s de nuestra Soluci&oacute;n Inteligente de Mensajer&iacute;a M&oacute;vil<\/p><\/div>\n<\/div>\n  <\/div>\n  <\/div>\n  <\/div>\n\n<div class=\"e55-19 x-section\" >\n      \n<div class=\"e55-20 x-row x-container max width\" >\n  <div class=\"x-row-inner\">\n    \n<div class=\"e55-21 x-col\" >\n    \n<div class=\"e55-22 x-bar-content-area\" >\n  <table width=\"231\" border=\"1\" height=\"120\">\n<tbody>\n<tr>\n<td>\n<p style=\"text-align: center;\">Plataformas de<br \/>\nf\u00e1cil implementaci\u00f3n<\/p>\n<\/td>\n<\/tr>\n<\/tbody>\n<\/table><\/div>\n<\/div>\n\n<div class=\"e55-23 x-col\" >\n    \n<div class=\"e55-24 x-bar-content-area\" >\n  <table width=\"231\" border=\"1\" height=\"120\">\n<tbody>\n<tr>\n<td>\n<p style=\"text-align: center;\">Administraci\u00f3n y<br \/>\ncontrol de sus campa\u00f1as<\/p>\n<\/td>\n<\/tr>\n<\/tbody>\n<\/table><\/div>\n<\/div>\n\n<div class=\"e55-25 x-col\" >\n    \n<div class=\"e55-26 x-bar-content-area\" >\n  <table width=\"231\" border=\"1\" height=\"120\">\n<tbody>\n<tr>\n<td>\n<p style=\"text-align: center;\">Reportes en l\u00ednea<\/p>\n<\/td>\n<\/tr>\n<\/tbody>\n<\/table><\/div>\n<\/div>\n\n<div class=\"e55-27 x-col\" >\n    \n<div class=\"e55-28 x-bar-content-area\" >\n  <table width=\"231\" border=\"1\" height=\"120\">\n<tbody>\n<tr>\n<td>\n<p style=\"text-align: center;\">Mensajes de<br \/>\n1 v\u00eda y 2 v\u00edas<\/p>\n<\/td>\n<\/tr>\n<\/tbody>\n<\/table><\/div>\n<\/div>\n  <\/div>\n  <\/div>\n\n<div class=\"e55-29 x-row x-container max width\" >\n  <div class=\"x-row-inner\">\n    \n<div class=\"e55-30 x-col\" >\n    \n<div class=\"e55-31 x-bar-content-area\" >\n  <table width=\"231\" border=\"1\" height=\"120\">\n<tbody>\n<tr>\n<td>\n<p style=\"text-align: center;\">Mensajes flash<\/p>\n<\/td>\n<\/tr>\n<\/tbody>\n<\/table><\/div>\n<\/div>\n\n<div class=\"e55-32 x-col\" >\n    \n<div class=\"e55-33 x-bar-content-area\" >\n  <table width=\"231\" border=\"1\" height=\"120\">\n<tbody>\n<tr>\n<td>\n<p style=\"text-align: center;\">Chatbox<\/p>\n<\/td>\n<\/tr>\n<\/tbody>\n<\/table><\/div>\n<\/div>\n\n<div class=\"e55-34 x-col\" >\n    \n<div class=\"e55-35 x-bar-content-area\" >\n  <table width=\"231\" border=\"1\" height=\"120\">\n<tbody>\n<tr>\n<td>\n<p style=\"text-align: center;\">N\u00fameros largos<br \/>\ny cortos<\/p>\n<\/td>\n<\/tr>\n<\/tbody>\n<\/table><\/div>\n<\/div>\n\n<div class=\"e55-36 x-col\" >\n    \n<div class=\"e55-37 x-bar-content-area\" >\n  <table width=\"231\" border=\"1\" height=\"120\">\n<tbody>\n<tr>\n<td>\n<p style=\"text-align: center;\">N\u00fameros<br \/>\nenmascarados<\/p>\n<\/td>\n<\/tr>\n<\/tbody>\n<\/table><\/div>\n<\/div>\n  <\/div>\n  <\/div>\n\n<div class=\"e55-38 x-row x-container max width\" >\n  <div class=\"x-row-inner\">\n    \n<div class=\"e55-39 x-col\" >\n    <div class=\"x-text cs-ta-center\"  ><h3><strong>Brinda una mejor experiencia de usuario<\/strong><\/h3>\n<\/div><div class=\"x-text cs-ta-center\"  ><h4>Brinda la mejor experiencia a tus clientes<\/h4>\n<\/div>\n<a class=\"e55-42 x-anchor x-anchor-button\" tabindex=\"0\" href=\"http:\/\/www.ijuba.solutions\/epayments\/contacto\/#contacto\" >\n\n  \n  <div class=\"x-anchor-content\">\n        <div class=\"x-anchor-text\"><span class=\"x-anchor-text-primary\" data-x-single-anim=\"x-slide-top\" >CONT\u00c1CTANOS<\/span><\/div>      <\/div>\n\n    \n  \n<\/a>\n<\/div>\n  <\/div>\n  <\/div>\n  <\/div>\n<\/div>\n","protected":false},"excerpt":{"rendered":"<p>SMS Una soluci\u00f3n inteligente de mensajer\u00eda m\u00f3vil. QUIERO MEJORAR LA EXPERIENCIA SMS SMS Estrecha la relaci&oacute;n con tus clientes o proveedores, brindando la mejor experiencia de servicio, con campa&ntilde;as efectivas de cobranza, marketing y ventas a trav&eacute;s de nuestra Soluci&oacute;n Inteligente de Mensajer&iacute;a M&oacute;vil Estrecha la relaci&oacute;n con tus clientes o proveedores, brindando la mejor experiencia de servicio, con campa&ntilde;as &#8230; <\/p>\n<div><a href=\"http:\/\/www.ijuba.solutions\/epayments\/servicios-sms\/\" class=\"more-link\">Read More<\/a><\/div>\n","protected":false},"author":1,"featured_media":0,"parent":0,"menu_order":0,"comment_status":"closed","ping_status":"closed","template":"template-blank-4.php","meta":[],"yoast_head":"<!-- This site is optimized with the Yoast SEO Premium plugin v15.1.1 - https:\/\/yoast.com\/wordpress\/plugins\/seo\/ -->\n<title>Servicios SMS - Ijuba<\/title>\n<meta name=\"robots\" content=\"index, follow, max-snippet:-1, max-image-preview:large, max-video-preview:-1\" \/>\n<link rel=\"canonical\" href=\"http:\/\/www.ijuba.solutions\/epayments\/servicios-sms\/\" \/>\n<meta property=\"og:locale\" content=\"en_US\" \/>\n<meta property=\"og:type\" content=\"article\" \/>\n<meta property=\"og:title\" content=\"Servicios SMS - Ijuba\" \/>\n<meta property=\"og:description\" content=\"SMS Una soluci\u00f3n inteligente de mensajer\u00eda m\u00f3vil. QUIERO MEJORAR LA EXPERIENCIA SMS SMS Estrecha la relaci&oacute;n con tus clientes o proveedores, brindando la mejor experiencia de servicio, con campa&ntilde;as efectivas de cobranza, marketing y ventas a trav&eacute;s de nuestra Soluci&oacute;n Inteligente de Mensajer&iacute;a M&oacute;vil Estrecha la relaci&oacute;n con tus clientes o proveedores, brindando la mejor experiencia de servicio, con campa&ntilde;as ... Read More\" \/>\n<meta property=\"og:url\" content=\"http:\/\/www.ijuba.solutions\/epayments\/servicios-sms\/\" \/>\n<meta property=\"og:site_name\" content=\"Ijuba\" \/>\n<meta property=\"article:publisher\" content=\"https:\/\/www.facebook.com\/ijubasolutions\" \/>\n<meta property=\"article:modified_time\" content=\"2020-11-20T22:51:02+00:00\" \/>\n<meta property=\"og:image\" content=\"http:\/\/www.ijuba.solutions\/epayments\/wp-content\/uploads\/2020\/11\/servicios.png\" \/>\n<meta name=\"twitter:card\" content=\"summary_large_image\" \/>\n<meta name=\"twitter:creator\" content=\"@ijubasolutions\" \/>\n<meta name=\"twitter:site\" content=\"@ijubasolutions\" \/>\n<script type=\"application\/ld+json\" class=\"yoast-schema-graph\">{\"@context\":\"https:\/\/schema.org\",\"@graph\":[{\"@type\":\"Organization\",\"@id\":\"http:\/\/www.ijuba.solutions\/epayments\/#organization\",\"name\":\"Ijuba Solutions\",\"url\":\"http:\/\/www.ijuba.solutions\/epayments\/\",\"sameAs\":[\"https:\/\/www.facebook.com\/ijubasolutions\",\"https:\/\/www.linkedin.com\/company\/ijuba\/\",\"https:\/\/twitter.com\/ijubasolutions\"],\"logo\":{\"@type\":\"ImageObject\",\"@id\":\"http:\/\/www.ijuba.solutions\/epayments\/#logo\",\"inLanguage\":\"en\",\"url\":\"http:\/\/www.ijuba.solutions\/epayments\/wp-content\/uploads\/2020\/11\/Ijuba.png\",\"width\":500,\"height\":175,\"caption\":\"Ijuba Solutions\"},\"image\":{\"@id\":\"http:\/\/www.ijuba.solutions\/epayments\/#logo\"}},{\"@type\":\"WebSite\",\"@id\":\"http:\/\/www.ijuba.solutions\/epayments\/#website\",\"url\":\"http:\/\/www.ijuba.solutions\/epayments\/\",\"name\":\"Ijuba Solutions\",\"description\":\"Solutions\",\"publisher\":{\"@id\":\"http:\/\/www.ijuba.solutions\/epayments\/#organization\"},\"potentialAction\":[{\"@type\":\"SearchAction\",\"target\":\"http:\/\/www.ijuba.solutions\/epayments\/?s={search_term_string}\",\"query-input\":\"required name=search_term_string\"}],\"inLanguage\":\"en\"},{\"@type\":\"ImageObject\",\"@id\":\"http:\/\/www.ijuba.solutions\/epayments\/servicios-sms\/#primaryimage\",\"inLanguage\":\"en\",\"url\":\"http:\/\/www.ijuba.solutions\/epayments\/wp-content\/uploads\/2020\/11\/servicios.png\",\"width\":631,\"height\":457},{\"@type\":\"WebPage\",\"@id\":\"http:\/\/www.ijuba.solutions\/epayments\/servicios-sms\/#webpage\",\"url\":\"http:\/\/www.ijuba.solutions\/epayments\/servicios-sms\/\",\"name\":\"Servicios SMS - Ijuba\",\"isPartOf\":{\"@id\":\"http:\/\/www.ijuba.solutions\/epayments\/#website\"},\"primaryImageOfPage\":{\"@id\":\"http:\/\/www.ijuba.solutions\/epayments\/servicios-sms\/#primaryimage\"},\"datePublished\":\"2020-11-07T22:19:24+00:00\",\"dateModified\":\"2020-11-20T22:51:02+00:00\",\"inLanguage\":\"en\",\"potentialAction\":[{\"@type\":\"ReadAction\",\"target\":[\"http:\/\/www.ijuba.solutions\/epayments\/servicios-sms\/\"]}]}]}<\/script>\n<!-- \/ Yoast SEO Premium plugin. -->","_links":{"self":[{"href":"http:\/\/www.ijuba.solutions\/epayments\/wp-json\/wp\/v2\/pages\/55"}],"collection":[{"href":"http:\/\/www.ijuba.solutions\/epayments\/wp-json\/wp\/v2\/pages"}],"about":[{"href":"http:\/\/www.ijuba.solutions\/epayments\/wp-json\/wp\/v2\/types\/page"}],"author":[{"embeddable":true,"href":"http:\/\/www.ijuba.solutions\/epayments\/wp-json\/wp\/v2\/users\/1"}],"replies":[{"embeddable":true,"href":"http:\/\/www.ijuba.solutions\/epayments\/wp-json\/wp\/v2\/comments?post=55"}],"version-history":[{"count":9,"href":"http:\/\/www.ijuba.solutions\/epayments\/wp-json\/wp\/v2\/pages\/55\/revisions"}],"predecessor-version":[{"id":114,"href":"http:\/\/www.ijuba.solutions\/epayments\/wp-json\/wp\/v2\/pages\/55\/revisions\/114"}],"wp:attachment":[{"href":"http:\/\/www.ijuba.solutions\/epayments\/wp-json\/wp\/v2\/media?parent=55"}],"curies":[{"name":"wp","href":"https:\/\/api.w.org\/{rel}","templated":true}]}}